{"id":14971,"date":"2024-12-02T15:20:17","date_gmt":"2024-12-02T15:20:17","guid":{"rendered":"https:\/\/ecopergola.eu\/produkt\/wiertarko-wkretarka-makita-18v-li-ion-2-biegowa-bez-akumulatorow\/"},"modified":"2024-12-02T15:20:17","modified_gmt":"2024-12-02T15:20:17","slug":"wiertarko-wkretarka-makita-18v-li-ion-2-biegowa-bez-akumulatorow","status":"publish","type":"product","link":"https:\/\/ecopergola.eu\/en\/produkt\/wiertarko-wkretarka-makita-18v-li-ion-2-biegowa-bez-akumulatorow\/","title":{"rendered":"Wiertarko &#8211; wkr\u0119tarka Makita 18V LI-ION 2.biegowa bez akumulator\u00f3w"},"content":{"rendered":"<div>\n<h3 style=\"text-align: center;\">WIERTARKO-WKR\u0118TARKA MAKITA 18V LI-ION 2-BIEGOWA<\/h3>\n<\/div>\n<h3 style=\"font-weight: 400; text-align: center;\">BEZ AKUMULATOR\u00d3W<\/h3>\n<div><img decoding=\"async\" class=\"aligncenter\" src=\"data:image\/png;base64,iVBORw0KGgoAAAANSUhEUgAAAQQAAABbCAYAAACVp\/ucAAAgAElEQVR4Xu1dB5xU1dU\/M7M7szNbWKoggl1jb6ixoWiIolgTSzS2KGgsUSwoYo9EA1JELIgdTewtgkiiSTQqCogKgvnUYAGEZbbv9Hnvff9zZxZ2Zt\/M3Dszu+B47++3UTO3nnvfuaf8z7kOC4V00RTQFNAUAAWcmgqaApoCmgLtFNAMQZ8FTQFNgQ0U0AxBHwZNAU0BzRD0GdAU0BToTIEyO6IY335H0flvkaOiQtNMU0BToMQoYIXD5P7FMHJtu02nldkyhPiST6l19IXk8PUqMVLo5WgKaApYwUbq8dxz8gyBPG5IB7Xk7FmrqacpoClQYhQwLZP4G7cr2qhYYputl6MpUAgFNEMohHq6raZAiVFAM4QS21C9HE2BQiigGUIh1NNtNQVKjAKaIZTYhurlaAoUQgHNEAqhnm6rKVBiFNAMocQ2VC9HU6AQCmiGUAj1dFtNgRKjgGYIJbahejmaAoVQQDOEQqin22oKlBgFNEMosQ3Vy9EUKIQCmiEUQj3dVlOgxCigGUKJbahejqZAIRTQDKEQ6um2mgIlRgHNEEpsQ\/VyNAUKoYBmCIVQT7fVFCgxCmiGUGIbqpejKVAIBTRDKIR6uq2mQIlRQDOEEttQvRxNgUIooBlCIdTTbTUFSowCmiGU2Ibq5fzEKMBPsxbxeVbbNOw\/MZLq5WoK\/LgowAzA4SArGhV\/XBzlyJTOmZSTv+W7IM0Q8qWcbqcpsCkogA+eH2y36urIPXIEuY85GrMwKfqPtyn6yhxy9O1DDsEhxP8qF60yKJNMN9AU2EQUSDIDMg2qeemvZAUD1HbZGPxdTVYgQDWvPiMmZpl4dyFPNUIzhE20t3pYTQFVCkBRIKupkWoeuZ9aTj+bXIMGk\/eS0fgbRcbXK6npuJFU8+Qs1GkirptP0QwhH6rpNpoC3U0BvvEjEaq44Dxqu\/UOKttjd6q4fDTFFi2i2MdLqPatueT++WHUdtX15L3sYiK835iPlKAZQndvrB5PUyAfCrARMRKl8r33pPjiT4lcLjK\/W0XxZSvIWLac4p8vJyorE\/907bgDWbF4XnYEbVTMZ3N0G02BTUEBfpOxrJwcFgyGsRiVHXggVd56A1F5GZUPGQLm8Dk5nC5ylOGeZztCHkUzhDyIpptoCnQ7BaAyONxuMletIseAfkT49\/j77wkVAaIAOaqrqPzA\/SE9LCFjfT3qluflgtQqQ7fvrB5QUyAPCrAbsaKCgtNmUNW0iWQsX0HRd98nZ6\/e5OzTh2Lz3yartUX8FpwyXdTNx\/VoLyGwAcMwyIpDD9kcitMJUUjzri7dig0uLUlR04E9cXXfnoizKOtK4\/MCHVu1KJ33TXAm+RuwyEmhGQ9Q1cx7qfWs82FLgCSA\/zfy\/MtU\/fiDFH5sNjkMSBPl+e2NPUPgzfZ5ycFcZlMXPnSMzoTVVDOFLtoMZgYseOISoMrK3PonbitHeTmZra15fXiqq+APlUViR01NzrkxI7BgjTf9EJsVmIIVDJKjZ09xEeYsSYZjwvff3WeS0YjGii+BPbiKqmZMhf0ADIGlByAW264eB9uCUdB3a8sQPCN+SZ6mH3LSpbsqNA45hIzvVxNpKaFrSI4DZa5eTT0\/eofK9x8iNUbgtgkUmnYfkc+Xl2gqNUiykrHue9pirby02nTSqWSuXScs8TKF4b\/ObQdTr8UfyFQXdZpPOYNMiOzk8Ui3KVZFB8Zk8FHb2JuI2qV4eBgclT4wA5YY8i\/2csXmoipgXeZ6P8UWLxI3ki5dQwELt6KjZ600M+BZhKbem7eeqrIK\/ljL9ztAuglLOpFXX4FRTf5DtRobqfI2fFyShSWW8MsvCyPfpiosmTghNTmxb+KPJagiXJj5KRrdSIXQQ49AXKztxhF\/YkOxXh4Kk\/fiC6UXHlu4iMzmZiWRXLrztIpWW4C8l\/5eunn4\/pnk9OG8SEL5BcwXYrhn5LHSY4Sm3UvOSqgvecYLSA+0CSpu9m7H8CNPwJ4BsVTWoJSNiCW4gQWfGdDEaP6BfOOvk+4qeM99wrpdaGSdzIBWqJG8558tU1XUCd03kxxVsINIFmY4visvk6ydqBa69wGMUaXU5sdSebOWEIw1aym+8gvQEigt9noU8pcnUOPHspH5zjMhkh+EG0\/+I4q+8EpCd+5iBmuFI4jmO056aWZ9PcWWL5VWL0XUYGuDEjOMf\/FfMr77DuCfzf4ulaZbx4qb9arCjz5GZf0Gw\/LtzWtx7Y0cfHAZ1NHY1C1ibkGT7ebGVnMLVY6dIj1qZO484Y52FkFfzTUoqyW+MZfnqrbh9xB89K6aPvKSC6DA7uHDyeGVP1\/BiVOgsyuMIT37zaOiA1yyc2AUGxVLjAOG7nuQ2sbdSs6a6s2D8pvBLCzTIrNuLfWLt0nPpunYEyn+0ZJEMo4ulBBYt7f8fuobbZaem3\/ANmAGcJmXyXkXjNWrqOeH8KwcsL\/0GOs9PcjRGzkHuoEhSk9KsaLZ0EA1zzxBnhNGdmq5WasMiuvMWj1wx58TtghdNlIgFKKKs89Sokh03lvCCNeVzEBMCIbOinPOlJ5bDAE+FlyNssxASDlbbqnEDCIvvSwwMT9mZpCLoD8JhhD\/+n\/wS6+WPiy5iFYqv5tN9eS7\/irp5YRnPy30c6GCdXGx2trIO+YP0qOw5d\/Rs5d0fQugKt+1V0rX54rBu6eTo0dpe7zsbQilpi5MuYectX2VNr\/UK\/MN6dp6GyrbeWfppQoLfg+42wrM25dzQPTv3KIfNR54KCSFSM7qwsVYXSNtGBXGRGQb8l0pb5+wIE3FPniPnAO3zj2fH3ENW4YQ+dtcaj7h1\/iIAOUssLBngBwm9W2uK7Cn\/JuHZ\/8VKK5qkYuuGKWQG7JYc8i1jlxztFrblKQDE9Dx2IcLIWYP7KwutCf9zJO+nebKsf8MV8aeEfv7sxbsKRCJ6WK8oHPcHobMH7fn9F\/nImHK74Gbb8d\/I5agqRlaQ4dzhHBjVbtUd5yBXPufafH2EgITmJFe3iLEMrRANLt+jBLxi1mZreJG63pytgWF\/ldIcSDu3IkklryhsgQXxjFg3vkDxCnH8F3r2OGAI2f\/LbLOMXFDtpL38kukyRF+cBZsMJWd151kBuzy4wQeKjRmvIATEkc6PdndyMhJ4drLxWRQxwqHsJ7QBqYgPjgwMGf\/\/raxCaYRp6oJt0mvnSs6tx5EVZPuSoFDi2Aj5CUI3DoBl2cWVYJjcUJBYsyDFQslz0DXqV2OGmAkgJOQPaMdCZEhuIkpUJwIQzMAP++18nqq0i5JVPYcewz1z3WoJPppr1LnqibXABw0icJMwAwwQ7yavOedQ64dtpdoVXiVOoeXXAO3ytwRu9t+CXebJNafOwrfD4ZQleahSdLVWP019Xh9DnmOG6E0+djChdR05EgELW3sV2BN4lHq8+Vn0n35+0OMdySPMs8piuQhu+xEtf95W7qPXBV9l9kzz\/BTf0XTzB+3BeOo0bCGvOdeQBW\/O4fKhx7C2QtyDVfQ75HX5lDLGeeSo5e6hN+l15VI+XToULio5HHlBVGiixsH\/jRR2lNhrP6eKsAEah57qItnldp9aNZjmGN2FB27nXzXXys9L2NdHcW\/\/C+YDDAh7SUZLm38sJJ6vv8BuQ86ULo\/wWCef4GaTzudyrbcNkUFsQJB5AS8SLqv2HsfICV5A1SZJJNmdaOlBQZJefuA9GA2FYOT7xGRwXbFWLMGjHcY9Zn3fSFDKLcNjL9ZRIfmU7rUy8DZX33XXZPPvDbLNqEHYFRDRFmuYqz+lqpnP9LtzIDnFbr\/QcwxM+qQb2AnREr3sKG5lrHhd46\/T4knYWYADIPxw\/fUe8UKdWbwxJPUctoZVDZwu072CKvVT74bxkrPLTj9fqgXPTrwKcwtGiDPr06W7qOQirFPPrQNcuIzUDXxDqqd93oh3Su3NesbkEpNHq2ZPkCXSQgiaAQAEZWgEROcPfbOf2wlCs6HULbvPriltlQmUjEaxFd8gfRVa7KL4hjIQBhx9YP3kfe3av79YsyRb9f4J4swR3xomQpEWM8F5yoNF77\/oY1MhpmBYZK57gfqs2olxoKRUaEEZ86itosvJRdLBmmF8xiUHzaMnAqxCJHnnoF00MHyj3PiOf10hRnlXzUEujgrO3uvjLVrYaO4g3zXdL\/tLAiPmqNG3v3abQxBFVjCE2sbcy2FH30U6iCLYB31LNxG8VbqB9\/xpioc7uusBaGzuNz4g3Qffwx5Lxq1SaYZumcGbvLs7lWjeR1Vjec8fHKFsftmQz0+\/EFoAGYA67\/Z1EB9\/KvI2RsBTgolOOM+art8DPqyd92ZCEOuGScvUUaeewGXR3WK8Yz7UIE7K0y\/U9XQYxx4l6oucKIV91GHK0k5hcwhvW34kcel1Vq7cbtMQjCbIPpdL7+5PLnI08+Sc8DWsBanGl3YFlGx5yG4OfLTi4pBcDYeOdgNmwGUw5Zt\/lBqX3upGMPl1UdwFkLFM+iz3KEIZNrnACVjUwgiubOWP3wWxeOwlLdQ38a1yocuePcUart2XEZmwBIlZ+hyj+CnyeRKiA2dHXRlllzYQFl+oHz+BLmRbGphvrFFH0Lt2SjpsBpltTRT7Zvdqya0zy625FOy1sGjpii1dVxdl9gQOCe8a8edyLXtNtL0jryICDpoGenMQBxkvFbj\/YO8i0x6UMmK0TfmIzUV\/OJZ8OtsyKqacKtkj8WvZnz7HZnffJM1Ck9gD664VGnw8KNPCPezFeaHRcPUp82vzAwCt08AM7gh1SiZPgu4DSsu+p3S3CL\/np+qXsK1573oAqU+8q0cwk3s9KVa8fmcVk6Ga3ITldBUICkZrVmAV61LJASrrZUqb5I3DDH9gpOm4AbeaBxqp6mwReBD9Jx4\/CYiM+Y2HaJ4Fsiq8Ou3wYB6g3xOgWIvJgh1wdkjS44ClmDCzVRx7m+lh47Ce8AuPGJ8gcdJff1rpdu2V2wbdyMF75qSVDkyN+ecDJW33SzdP2cfTtffOcehd\/QFUGsASIolXkXeUHB7wxKqlMeAH1B1VLBKkApg4XMaevDhlLwL4pzCYOu7Qi23gvSCJSqGn30eahxUxgKg5UVnCO2gl4rL5LPcmLi5Yh8u6CxOMqeDoclzavdYjDPRPDpvHgxXHVxuHSvyWeG4\/ZM37Rwjj8\/GTY7Dm0ml4axIZ50jcaw2VglNfwBh4x7cOlXU+6sVSm25cutlV8LrMSun4ZFVGfeBhykZE8OzYGtK8\/i4tuhPDTvsgc83jRnAHgUBn2qff5Eqfn2K1DpCMx+mlotHgZz2Hhtnn94bvQvJrFOec7vfkNy+mMgrr4kHXAoNvCo6Q+AP2D0SYBMpsicqhVg6qLYBUXDyTxi0VH3KfCtxiC7xYxXpBTeea\/edqPoeZKyVKMLV6KvJjPrCQi3MseoWvKCjUEKzn6Lww0iZbaPzWw2NVDX1Lio\/+CCpHjmlmdXYAt0xs43FbIRN5zo1gFj42dlUttve1HsZaKlYWs4bReHZz8CbkNsrxHBgFVwEZ1SOLf804bZMKYiBsPFCCfsEbB+yzECcyQfAyPrBniWTy5PPKQLFKlW8CphT46FHQfLsLBUL9XRgf+rxxMPSVA8i4a1tX9I9JCoWnSGwH9R3rZq7JQgLvqOqM2Zd+MxhyS7fb1+lZQXvugvtBti0wcbVr6UeCimzQvfCr5\/FmCkw94MGUtleeynNMTD2RkgWuMnS0YKco6C1WZoZiMMrfPGZUWmCjn23EA+EypbQ40\/BBrRzXsyg+TdnU+SF16QQncIQZ8bJc5K8ShicNBmJUPB6kWQRadJUJFb25X+6JKMBNH1YESi2zdbk2mkHyRlBDQW2I\/7RYqjJDHnuqJLwGfVT9SOQzmQLJJTYv\/+Z6n6VbZtWr6hGRXHwelSTeyii1CSLQJoFgENPf\/QjKYZVnCefT4+HDD\/xFPQ+JLGAxZoRkh3\/OIe9o6YneY6Xg9gyc4utyA7ysDhW47qrJVebqBZbuFikCWcAUcoc+R0M1kMVDaiR515EBuTMaFBhTLxaTbc1AG7p8z9OX6dWmn91BkVf\/Bu5EK0oVTjqUCGmIrHHf0H6d8ksR2w6aG2iiqsUQqnvBYOtlvfli1Dty9WMtcGJU8nBagdyS6ScUZZqETPj\/Z08ViQ4HdKBD2deRSzPsDlFZQgCezAKr8kolOCkqUhJlUFdQISk7+orFHoD5508DZuZxMYzhTr+sRX6wvOk+2NXmasms19f2EsiIfJdiue3FUoAz3k7kXVHlI7zw3+aLchRoGCcjMyZm\/TO2G8l81Ur0ETeq+Rj\/3ldVXf\/WWFFiarNJ5xC0TlvkrOffKi52dxAXgXsQfyzZQBFwe0pE4fB+8OPou4NQBueO5MtoYcZ\/i3LcCDRBQCVVvDexD\/5DO9g4I1GDt7qdEZh6zlPzRYRmp5dipVdN9crKkMwmteS70Z50AtPIPLqC7ZRlQnX5c+AS5ALJOK+WBeNLYUYZmc7wO8GM5ib8bqNZAk9+EjmmygZUec5TS2MliWA6Nw3bB\/4ELEfPz8YzEL+dhIqjZ0e2r7GKGw6Rxwppwsn2+QTJdc0YiRF5\/9LvDMoW9iYKD7WfpLSBDoOTuYLRBIQxXENzfD+XCN\/qQhEKtCmUklUmeFgDZ4jh8kxqCRhAn+8E1mr7Zmm2bSOfLfKe1tY0jT+91\/sb3G0\/6IxBAvGuvK9hkBlsDGSZDghQRbNfBCbbH5nxJcXVl6VErhzIrl6wHZg44cVoJwhyC4smfEm9vESMJgsSVmFwbMOz3GPV5kisu5AVESMv91Hxw+G+MaruWujb76ZSGmWofAavIqZgZQWhMqNR\/4SOuwCMAPJDzU5ADPwSgXpQFwgeMNQPGQqUdg+wc+iV5x1hkTtRBXhzhRALInCZ4D37Bp56Yt7Db\/0rO1za\/wNle2xLwyxdvYv+\/kEcJ6cPeQlslyrKh5DgB5VzPz2Zhtu86vkOTsvNDTz0YS0YaNMcXZhlZRZIbygm+0mEhLMDjsi49BOuWic8ntwErDmNpFowo8NO4BK7IeAznozx72LPnFzcAh4V5XGI35B8Q+X4MZTC7UVc3NYpCJhReb9HbiI7ACxDesULmuOa5BzM7a3izzxtHQeEOG9gOriHiFP3yA\/8lLFWIHOO8LgNt9YRebyADwRsuqNxCEoDkNg0Ase1OBwX9nCyDrjyxW2og6Lzu6DDpftStSLvfc+xEP714SErh8FEk5BvA8DRp0tQQxDVH3j1G7z2PsLYEHO8AipkIjUkHqJR0mywLkZ\/TdKrU8OjVYpTiDjHFkMmrZ9CYMx5qZgzxEMfyqYabZEJB0HExIcw+flw7yjb\/9LgJqkfPlJlZFzHKiU4N2wcdlEzCbsUQGq+K1CYtkFHyExDB6pLWIG6KIwBE4C4T1TjTCBP\/4JN\/AW9ueFE2AqxrML4yQH29jBNvFheC+Sf6os\/GLi3b5MurTYPETVqViCeaEpxsS0lXPQkYruyMay+OIFWd8XNJthoFR0ATcdPlzlfIsbnrMVqRSLdXtO8KpgPOX+o\/P\/kVU96jgH4Qrcaisq23036aklAtgkVV6hLmDPFOJ1Yks+2WhMTJ8Vn9Hfj5aeK1cMAqrs7CVvb5LpvDgMoRGWYgXDDU8sAtCKnS7Ybrn3nPormflvqBN5dU7G14TMpvU4fPLGztA9sG3w0+N2pf1mOF8eAtzeTeTvc2xvUyERHaIW9hsS3pQsHhAwDNcuu+KjkA9PjiLdXHTZx0p0Z3XECitGoTI4bI89lULZOXYgm3qUPmmOPFVBy4oz+ToeifVI2idEktod8JcBwWpDxSAbE3vDgGpzabExsfImNXsUR3vK2lNkN7VghiBeDoYxqXyfvWXHpAhu4Iz57QED9pxyknRfXDHEMFZgzm0Ndfxh7LgzuQZnSSnWYTQ2Psbe\/ZeA7NoWfguxAbh7BUsw9yMkohpIRHYGTwTF+BSNa6GH2DWWOVmLsJkoumwDf54Mt1MFRV5CoJlk4SzMnImYb2TZYrLlH2nlVIrqe4pWm5p0FJ79FzAchUdi+RFaRSk28vKrtpeWcI3utpeSR43jFhxu+zOvQtf0uoUzBIBevFcqgjIm4XbLIJqZ\/HEogEh4QQLpmOFFJgHKGSuPnBSej8qeGUEeYvN+trs0g2kneAgPpIoPOM3gKYxrAGWp5CM02NW0Eq6mDOnyEzaTCHkvOE\/6bHByktg7cBv26gPIMecJlC+e4cMgz6fHD9i3F+vF\/CrOlLf8m2Bu8U8\/zuhOThlJ6OJItHIEYMEKurUSw+ExgO1QiRwVkYi+1NwN7fNm25fvBnlbh7gE+cHZTFKs\/NZ1qlkQQxAHD6AMlfz2\/F5f7MMPbHVfEc+ObDnlh8hh+Hk1JvLWGUjjZYc5F\/MLgWFdKG9YC3MUW7YUZPwW4o3yWAaeI2eBMusb7X3VbExURCaGhKvJ3v4iJBAOCDvlBKVjIYxdjM4DujMyF65MheI++UScA2S1zlWEugVGdc5vctVM+T0kkIMKrkC4WivHysdtmMwMF9qfSbuJChUPb0KqlABnMrL1LnG6+Jgag+SU+O+9m3hOr8ilIIbAobHlhyCLrMLLwaH2g2e3ELY8KzzfxV1wkktnDxuXl4hCBHLyjNOkSWZ88y0ZX32Z8HwIiF\/qn8DdIyOwil+bBw\/cDt2RATt2uiOMiZW3IK5BoYQfT7rGbObIEohZD5uJgrGLh2aDmoBSIzmNA5b2KJiYbHEfMxwSiQRDEIY4gNduVtOVw+xNYenKbr2d9ggSCPRRlUQrYc40VcUGaW7aed9T\/j9UEVKsQibx+MefkIX0e7YSHS4EVU9QmKHKVckzn2u+dr9n2diC4E2cEEIFBSYOnsjPZ6\/7slXcq6guhB6C\/cAmMIr9vCK78Dh5USxwEz\/GUYYNb7IlmcgIPFoNms1vMkTemgvo7CCBautYBFjq54dJJW5tb8ePpRj1q8hVO8DWoWKZsOmAQZYP2U\/2e6Y4QFgcUJNIkwatBqJoBGqDbEwKe2Rc222PqE\/QzdV+pDoE7CT\/ldUtJ9CnrsGJcWRKfOnnFFv7DZVlWG96HwLQNlpeIhQM+867IcbFiG0bOQtjD\/CRuYcflbNqe4W2G2\/BOwl4fwKSSHox2bs0Xi2PRuDOySJhT6ZzmmtiVggP6HKeC5uSN0NIJFEF6OUkedFU+OFxaOwSpSYixrajsm07J9\/MtMDIW\/+EiBC2TV4iHvMcOIDK9twjF302\/F5+9JHYaOjDGXTPxIs\/p0r3xxXDTz9D7iGH2ouLAKJU3vlHpf44x6HvkjEZxUU+dO4j1TAcwTsnJRJr8G3CNg6Au8LPPEvVs+6TnlvFhedT9PV5iRgADlRjGib\/KbJg8aMm7Kq9VC3zVXz5cqq85ErpVP6sklbeJK\/SsfhfdcctiSfqJIo4p9ttI1EzWYUxOqvXgEHv09l+BEmsvO\/BSp4gpmHVnzDf9ngd+ZlsqMlnpGwf++hc2+fgI2+8SS2nnJkZUy908xC5Tz2JambKH5rmkSdTbMEiW9gmG44qb7hG6UZvOvakRAipDZTVbIQeOeFmJftGHrQtiSZ1Dg9CZwelJisFnr\/n54upbNddSmKNehFpFICEwSjW9JKfDUHogkCBjVVMojoniRVIm4VQ3doaqELRuBZ9A5F+No\/AiKe8gpw\/UC3k96d4aERknx38uaYHhZ+ErUKX0qRABjdxXgxB4Pi3357KtpcX70MzEJUnYrZtQNwc9XYAAo8UjJPBGRwYZdNf0sru5mfFihEg3oXHgcXbYhdVvTKImA078dMBtYHtCLp0poBQl4tVUtM1FqvXvPvJjyEEcPuqJoQQyDp73L3AClyiFtkYmsqWYZv+hJUdxklFoE8uCvLHW+erJeO74jzLFUEItJ\/feShiaToR6E7OwiRZzFWrKb7ic1uXLVvEjTXI5Ix0bsUobECta39\/sRgd2vTB+9449Mgu6j3RbT0ARPFPlxZljBhyO\/g7pHEvSqcFdqLOEDiilBNuKCSEMFZ+Q8Y3X9u7XURcQCuyActnRjJWrUIM+Ff2gVEi7VovQIEPLpA0G5uHZz9N62v7wiXnJoafFloCt9xGzcediG48ABitLLQ70b5hv4MSOfn7y+cWCMCY6Kq1d4dyn+z7ZxRooYVTmK2v5nmVAZPxbqHd2bY3kILeD09O9N13uqR\/QeODh5Kx\/CvkwiycJvHlX1DjXvuS+cMPZIAxby5FjSEkUWCeo+VSkLUvkh9Jdfa0x3CzxdMzUt5TwX0GJwJiywfZrrBf9xK1IJFsm9E04nhqOWcUHiUdLJ4uDz08CzkPFbH7HQZoPOpoCkxATkDAfZ29elMrLOiFFLaX+LcYRLGPF1DVNLjPFEo4R6ZmNtZGngVevoDC+QL8AFFxVixnv\/7UMkrNyyAzdGzRIqrfdkcwwwHk6jWAmoYfK9NMqU4Dcn0Yy\/5P5CoI3T+TTL9fqX3HyswM6nfbHVDlQYImTUeogZzyHliioRpDEMZE+PZVs\/c+9iSCMOxThHOSDO8V8inbeU2c2lukHLcpRguSlihmbbLrhzPn1FXUUHzBx4k04slUV85+W1HDTvKuzI59+\/sNImPxUnL1T6AMWU+PzptP4Rfye+0pDulivRN0MBzk6rsVMA3yLxZF\/gYDL1xu2eC9nHkqtmSBxDGyr8JvHPrxgTqQEYnzBjCa1PxuDbWOUTNGZ5tABLRr2H9\/kWBUgKpA09i\/3wejLd7rz\/4ddyXz2zWIRUFqPpwDZ\/8tqX7wDiKBjmqJL18BZrALEtBuI2jPNLH8TdSwpzxuRHVMlfr2DAG+TjPcAC5Yn\/pXt15kyHUPO0J6DLZiW0YAoBWb\/tb7yTRayf0LeZBH+Jnnkv01dpqfAX+vm4E+AMoUUlrOH01+uNscJnzncK92pAOn5OK0Vf6+AyEptEkNw9mX1jIzxcZb4dT+HEG0x\/kAAAHhSURBVB4vNSGyk8V3lcIBSP7ttsOBqoDNZA38+2p5HdvGjhcvOPNN12mfO+w7PjGBBlUtsUWLyT8AzKDMgxTx2CskrOVxGOsQnDYZWZaOtgXqqIzTdv2N1AjaOT09yeL+28fAhxZ8YAb5t96JOO9GvoVzI6xHXIv51cqUfbPg0qaYResg9bRecY10+Dc\/\/OLfbVdyumtTvgfGFsSXfkHrcEYCt90h8BpdXmxQs+KSgsjZyc7JGxdfuqzzh8Uorb69EdzzM+n5xhcjFRnEeFuwD\/cHfV\/F1x3\/bKnIndgpfTlmxKCRsl12hhgmr0enLyS+7HPo9d\/mzADEgBZC0lbhzchR+DYWqdvSM0t3aGfW1SG\/IEKCJYBZvGGRF17ekOZcBPMg07VUHsDkmJxbQApyztGsCERTAXjxEJHX5ybS6WUCeQH1yShO9\/HHYd6uXCTs9DsboqP\/eIucnN05g6We98gCAtN9At4JsXFP5xo0tnAh3moMZE0Aw1GlFjJHu49CXsUsqfATNME5yPI+KDNLk882Mj2VHz5UOSVdrvWk\/J58ES29jS1DUOpYV9YU0BQoGQqo2RBKZtl6IZoCmgJ2FNAMQZ8LTQFNgQ0U0AxBHwZNAU0BzRD0GdAU0BToTIH\/By9FXTlTjSQtAAAAAElFTkSuQmCC\" alt=\"Obraz zawieraj\u0105cy tekst, Czcionka, Grafika, logo Opis wygenerowany automatycznie\" width=\"260\" height=\"90\" \/><\/div>\n<p>&nbsp;<\/p>\n<p style=\"font-weight: 400;\">Mocna wiertarko-wkr\u0119tarka do uniwersalnego zastosowania.<\/p>\n<p style=\"font-weight: 400;\">Wydajne 2-biegowe narz\u0119dzie do wkr\u0119cania i wiercenia do u\u017cytku profesjonalnego. Maksymalny moment obrotowy 54 \/ 30 Nm. Wszechstronne narz\u0119dzie dla monter\u00f3w, konstruktor\u00f3w i personelu konserwacyjnego. Dwie zintegrowane diody LED o\u015bwietlaj\u0105ce obszar roboczy z funkcj\u0105 op\u00f3\u017anionego wygaszania.<\/p>\n<p><img fetchpriority=\"high\" decoding=\"async\" class=\"wp-image-5907 aligncenter\" src=\"https:\/\/ecopergola.eu\/wp-content\/uploads\/2024\/12\/makita-wkretarka-DDF484-tlo.webp\" alt=\"\" width=\"503\" height=\"503\" \/><\/p>\n<p>Cechy produktu:<\/p>\n<ul>\n<li style=\"font-weight: 400;\">2-biegowa wiertarko-wkr\u0119tarka akumulatorowa<\/li>\n<li style=\"font-weight: 400;\">BLDC &#8211; bezszczotkowy silnik pr\u0105du sta\u0142ego<\/li>\n<li style=\"font-weight: 400;\">Technologia XPT &#8211; podwy\u017cszona odporno\u015b\u0107 na py\u0142 i wilgo\u0107<\/li>\n<li style=\"font-weight: 400;\">Aluminiowa obudowa przek\u0142adni<\/li>\n<li style=\"font-weight: 400;\">Podzespo\u0142y przek\u0142adni wykonane z metalu<\/li>\n<li style=\"font-weight: 400;\">Szybkomocuj\u0105cy uchwyt wiertarski<\/li>\n<li style=\"font-weight: 400;\">Dwie zintegrowane diody led o\u015bwietlaj\u0105ce obszar roboczy z funkcj\u0105 op\u00f3\u017anionego wygaszania<\/li>\n<li style=\"font-weight: 400;\">Ergonomiczny uchwyt pokryty mi\u0119kk\u0105 gum\u0105 dla lepszego komfortu pracy<\/li>\n<li style=\"font-weight: 400;\">Nie wsp\u00f3\u0142pracuje z akumulatorami BL1811G, BL1813G, BL1815G (bez elektroniki)<\/li>\n<\/ul>\n<p>Dane techniczne<\/p>\n<ul>\n<li style=\"font-weight: 400;\">Napi\u0119cie zasilania 18 V<\/li>\n<li style=\"font-weight: 400;\">Typ akumulator\u00f3w Li-Ion<\/li>\n<li style=\"font-weight: 400;\">Obs\u0142ugiwane akumulatory 1,5 \/ 2,0 \/ 3,0 \/ 4,0 \/ 5,0 Ah<\/li>\n<li style=\"font-weight: 400;\">Pr\u0119dko\u015b\u0107 obr. na biegu ja\u0142. 1 bieg 0 &#8211; 500 obr.\/min<\/li>\n<li style=\"font-weight: 400;\">Pr\u0119dko\u015b\u0107 obr. na biegu ja\u0142. 2 bieg 0 &#8211; 2000 obr.\/min<\/li>\n<li style=\"font-weight: 400;\">Maks. \u015brednica wiercenia w stali 13 mm<\/li>\n<li style=\"font-weight: 400;\">Maks. \u015brednica wiercenia w drewnie 38 mm<\/li>\n<li style=\"font-weight: 400;\">Maks. moment obr. mi\u0119kki \/ twardy 30 \/ 54 Nm<\/li>\n<li style=\"font-weight: 400;\">Zakres mocowania 1,5 &#8211; 13 mm<\/li>\n<\/ul>\n<p>Wyposa\u017cenie standardowe<\/p>\n<ul>\n<li style=\"font-weight: 400;\">UCHWYT DO MOCOWANIA NA PASKU 346317-0<\/li>\n<li style=\"font-weight: 400;\">SZYBKOMOCUJ\u0104CY UCHWYT<\/li>\n<\/ul>\n<p>&nbsp;<\/p>\n<p>&nbsp;<\/p>\n","protected":false},"excerpt":{"rendered":"<p style=\"font-weight: 400;\">Mocna wiertarko-wkr\u0119tarka do uniwersalnego zastosowania firmy Makita.<\/p>\n<p style=\"font-weight: 400;\">Wydajne 2-biegowe narz\u0119dzie do wkr\u0119cania i wiercenia do u\u017cytku profesjonalnego. Maksymalny moment obrotowy 54 \/ 30 Nm. Wszechstronne narz\u0119dzie dla monter\u00f3w, konstruktor\u00f3w i personelu konserwacyjnego. Dwie zintegrowane diody LED o\u015bwietlaj\u0105ce obszar roboczy z funkcj\u0105 op\u00f3\u017anionego wygaszania.<\/p>\n<p>Potrzebujesz wkr\u0119tarki z akumulatorami lub innych narz\u0119dzi? Zapraszamy do naszego sklepu &#8220;z narz\u0119dziami&#8221;<\/p>\n","protected":false},"featured_media":10763,"comment_status":"closed","ping_status":"closed","template":"","meta":{"rank_math_lock_modified_date":false},"product_brand":[],"product_cat":[221,310],"product_tag":[],"class_list":{"0":"post-14971","1":"product","2":"type-product","3":"status-publish","4":"has-post-thumbnail","6":"product_cat-narzedzia-en","7":"product_cat-wkretarka-udarowa-en","8":"product_shipping_class-courier-s","10":"first","11":"instock","12":"taxable","13":"shipping-taxable","14":"purchasable","15":"product-type-simple"},"_links":{"self":[{"href":"https:\/\/ecopergola.eu\/en\/wp-json\/wp\/v2\/product\/14971","targetHints":{"allow":["GET"]}}],"collection":[{"href":"https:\/\/ecopergola.eu\/en\/wp-json\/wp\/v2\/product"}],"about":[{"href":"https:\/\/ecopergola.eu\/en\/wp-json\/wp\/v2\/types\/product"}],"replies":[{"embeddable":true,"href":"https:\/\/ecopergola.eu\/en\/wp-json\/wp\/v2\/comments?post=14971"}],"wp:featuredmedia":[{"embeddable":true,"href":"https:\/\/ecopergola.eu\/en\/wp-json\/wp\/v2\/media\/10763"}],"wp:attachment":[{"href":"https:\/\/ecopergola.eu\/en\/wp-json\/wp\/v2\/media?parent=14971"}],"wp:term":[{"taxonomy":"product_brand","embeddable":true,"href":"https:\/\/ecopergola.eu\/en\/wp-json\/wp\/v2\/product_brand?post=14971"},{"taxonomy":"product_cat","embeddable":true,"href":"https:\/\/ecopergola.eu\/en\/wp-json\/wp\/v2\/product_cat?post=14971"},{"taxonomy":"product_tag","embeddable":true,"href":"https:\/\/ecopergola.eu\/en\/wp-json\/wp\/v2\/product_tag?post=14971"}],"curies":[{"name":"wp","href":"https:\/\/api.w.org\/{rel}","templated":true}]}}